{"id":2228,"date":"2023-02-02T10:01:29","date_gmt":"2023-02-02T09:01:29","guid":{"rendered":"https:\/\/www.gillet-automation.de\/?page_id=2228"},"modified":"2024-08-20T09:21:09","modified_gmt":"2024-08-20T07:21:09","slug":"greifersystem-2","status":"publish","type":"page","link":"https:\/\/www.gillet-automation.de\/en\/greifersystem-2\/","title":{"rendered":"Gripper system"},"content":{"rendered":"<p><div class=\"fusion-fullwidth fullwidth-box fusion-builder-row-1 fusion-flex-container nonhundred-percent-fullwidth non-hundred-percent-height-scrolling\" style=\"--awb-border-radius-top-left:0px;--awb-border-radius-top-right:0px;--awb-border-radius-bottom-right:0px;--awb-border-radius-bottom-left:0px;--awb-padding-top:11vh;--awb-padding-bottom:0px;--awb-padding-top-medium:5vh;--awb-padding-bottom-medium:5vh;--awb-padding-top-small:54px;--awb-margin-bottom-small:0px;--awb-background-image:linear-gradient(180deg, var(--awb-color2) 0%,rgba(255,249,243,0) 100%);--awb-flex-wrap:wrap;\" ><div class=\"fusion-builder-row fusion-row fusion-flex-align-items-stretch fusion-flex-content-wrap\" style=\"max-width:1323px;margin-left: calc(-5% \/ 2 );margin-right: calc(-5% \/ 2 );\"><div class=\"fusion-layout-column fusion_builder_column fusion-builder-column-0 fusion_builder_column_1_3 1_3 fusion-flex-column fusion-no-small-visibility\" style=\"--awb-bg-position:center center;--awb-bg-size:cover;--awb-box-shadow:0px 20px 80px 0px hsla(var(--awb-color2-h),var(--awb-color2-s),calc(var(--awb-color2-l) - 8%),calc(var(--awb-color2-a) - 50%));;--awb-transform-origin:0 100%;--awb-width-large:33.333333333333%;--awb-margin-top-large:0px;--awb-spacing-right-large:7.125%;--awb-margin-bottom-large:0px;--awb-spacing-left-large:-20px;--awb-width-medium:50%;--awb-order-medium:0;--awb-spacing-right-medium:4.75%;--awb-spacing-left-medium:-20px;--awb-width-small:100%;--awb-order-small:0;--awb-spacing-right-small:2.375%;--awb-spacing-left-small:2.375%;\"><div class=\"fusion-column-wrapper fusion-column-has-shadow fusion-flex-justify-content-flex-start fusion-content-layout-column\"><div class=\"fusion-image-element \" style=\"--awb-caption-title-font-family:var(--h2_typography-font-family);--awb-caption-title-font-weight:var(--h2_typography-font-weight);--awb-caption-title-font-style:var(--h2_typography-font-style);--awb-caption-title-size:var(--h2_typography-font-size);--awb-caption-title-transform:var(--h2_typography-text-transform);--awb-caption-title-line-height:var(--h2_typography-line-height);--awb-caption-title-letter-spacing:var(--h2_typography-letter-spacing);\"><span class=\" fusion-imageframe imageframe-none imageframe-1 hover-type-none\"><a href=\"https:\/\/www.gillet-automation.de\/wp-content\/uploads\/2022\/08\/Screenshot-2022-01-31-151625.png\" class=\"fusion-lightbox\" data-rel=\"iLightbox[7f2d95ecbf3776b4cee]\" data-title=\"Screenshot 2022-01-31 151625\" title=\"Screenshot 2022-01-31 151625\"><img decoding=\"async\" width=\"3192\" height=\"1432\" src=\"https:\/\/www.gillet-automation.de\/wp-content\/uploads\/2022\/08\/Screenshot-2022-01-31-151625.png\" data-orig-src=\"https:\/\/www.gillet-automation.de\/wp-content\/uploads\/2022\/08\/Screenshot-2022-01-31-151625.png\" alt class=\"lazyload img-responsive wp-image-2129\" srcset=\"data:image\/svg+xml,%3Csvg%20xmlns%3D%27http%3A%2F%2Fwww.w3.org%2F2000%2Fsvg%27%20width%3D%273192%27%20height%3D%271432%27%20viewBox%3D%270%200%203192%201432%27%3E%3Crect%20width%3D%273192%27%20height%3D%271432%27%20fill-opacity%3D%220%22%2F%3E%3C%2Fsvg%3E\" data-srcset=\"https:\/\/www.gillet-automation.de\/wp-content\/uploads\/2022\/08\/Screenshot-2022-01-31-151625-200x90.png 200w, https:\/\/www.gillet-automation.de\/wp-content\/uploads\/2022\/08\/Screenshot-2022-01-31-151625-400x179.png 400w, https:\/\/www.gillet-automation.de\/wp-content\/uploads\/2022\/08\/Screenshot-2022-01-31-151625-600x269.png 600w, https:\/\/www.gillet-automation.de\/wp-content\/uploads\/2022\/08\/Screenshot-2022-01-31-151625-800x359.png 800w, https:\/\/www.gillet-automation.de\/wp-content\/uploads\/2022\/08\/Screenshot-2022-01-31-151625-1200x538.png 1200w, https:\/\/www.gillet-automation.de\/wp-content\/uploads\/2022\/08\/Screenshot-2022-01-31-151625.png 3192w\" data-sizes=\"auto\" data-orig-sizes=\"(max-width: 1024px) 100vw, (max-width: 740px) 100vw, 400px\" \/><\/a><\/span><\/div><div class=\"fusion-image-element \" style=\"--awb-margin-top:20px;--awb-caption-title-font-family:var(--h2_typography-font-family);--awb-caption-title-font-weight:var(--h2_typography-font-weight);--awb-caption-title-font-style:var(--h2_typography-font-style);--awb-caption-title-size:var(--h2_typography-font-size);--awb-caption-title-transform:var(--h2_typography-text-transform);--awb-caption-title-line-height:var(--h2_typography-line-height);--awb-caption-title-letter-spacing:var(--h2_typography-letter-spacing);\"><span class=\" fusion-imageframe imageframe-none imageframe-2 hover-type-none\"><a href=\"https:\/\/www.gillet-automation.de\/wp-content\/uploads\/2022\/08\/Bild_Inhalt_02_01_01_Box.jpg\" class=\"fusion-lightbox\" data-rel=\"iLightbox[cb17da0b25d0ba3fde1]\" data-title=\"Bild_Inhalt_02_01_01_Box\" title=\"Bild_Inhalt_02_01_01_Box\"><img decoding=\"async\" width=\"650\" height=\"407\" src=\"https:\/\/www.gillet-automation.de\/wp-content\/uploads\/2022\/08\/Bild_Inhalt_02_01_01_Box.jpg\" data-orig-src=\"https:\/\/www.gillet-automation.de\/wp-content\/uploads\/2022\/08\/Bild_Inhalt_02_01_01_Box.jpg\" alt class=\"lazyload img-responsive wp-image-2132\" srcset=\"data:image\/svg+xml,%3Csvg%20xmlns%3D%27http%3A%2F%2Fwww.w3.org%2F2000%2Fsvg%27%20width%3D%27650%27%20height%3D%27407%27%20viewBox%3D%270%200%20650%20407%27%3E%3Crect%20width%3D%27650%27%20height%3D%27407%27%20fill-opacity%3D%220%22%2F%3E%3C%2Fsvg%3E\" data-srcset=\"https:\/\/www.gillet-automation.de\/wp-content\/uploads\/2022\/08\/Bild_Inhalt_02_01_01_Box-200x125.jpg 200w, https:\/\/www.gillet-automation.de\/wp-content\/uploads\/2022\/08\/Bild_Inhalt_02_01_01_Box-400x250.jpg 400w, https:\/\/www.gillet-automation.de\/wp-content\/uploads\/2022\/08\/Bild_Inhalt_02_01_01_Box-600x376.jpg 600w, https:\/\/www.gillet-automation.de\/wp-content\/uploads\/2022\/08\/Bild_Inhalt_02_01_01_Box.jpg 650w\" data-sizes=\"auto\" data-orig-sizes=\"(max-width: 1024px) 100vw, (max-width: 740px) 100vw, 400px\" \/><\/a><\/span><\/div><div class=\"fusion-image-element \" style=\"--awb-margin-top:20px;--awb-caption-title-font-family:var(--h2_typography-font-family);--awb-caption-title-font-weight:var(--h2_typography-font-weight);--awb-caption-title-font-style:var(--h2_typography-font-style);--awb-caption-title-size:var(--h2_typography-font-size);--awb-caption-title-transform:var(--h2_typography-text-transform);--awb-caption-title-line-height:var(--h2_typography-line-height);--awb-caption-title-letter-spacing:var(--h2_typography-letter-spacing);\"><span class=\" fusion-imageframe imageframe-none imageframe-3 hover-type-none\"><a href=\"https:\/\/www.gillet-automation.de\/wp-content\/uploads\/2022\/08\/Bild_Inhalt_02_01_02_Box.jpg\" class=\"fusion-lightbox\" data-rel=\"iLightbox[7133c209ac3f6a9ab13]\" data-title=\"Bild_Inhalt_02_01_02_Box\" title=\"Bild_Inhalt_02_01_02_Box\"><img decoding=\"async\" width=\"650\" height=\"407\" src=\"https:\/\/www.gillet-automation.de\/wp-content\/uploads\/2022\/08\/Bild_Inhalt_02_01_02_Box.jpg\" data-orig-src=\"https:\/\/www.gillet-automation.de\/wp-content\/uploads\/2022\/08\/Bild_Inhalt_02_01_02_Box.jpg\" alt class=\"lazyload img-responsive wp-image-2133\" srcset=\"data:image\/svg+xml,%3Csvg%20xmlns%3D%27http%3A%2F%2Fwww.w3.org%2F2000%2Fsvg%27%20width%3D%27650%27%20height%3D%27407%27%20viewBox%3D%270%200%20650%20407%27%3E%3Crect%20width%3D%27650%27%20height%3D%27407%27%20fill-opacity%3D%220%22%2F%3E%3C%2Fsvg%3E\" data-srcset=\"https:\/\/www.gillet-automation.de\/wp-content\/uploads\/2022\/08\/Bild_Inhalt_02_01_02_Box-200x125.jpg 200w, https:\/\/www.gillet-automation.de\/wp-content\/uploads\/2022\/08\/Bild_Inhalt_02_01_02_Box-400x250.jpg 400w, https:\/\/www.gillet-automation.de\/wp-content\/uploads\/2022\/08\/Bild_Inhalt_02_01_02_Box-600x376.jpg 600w, https:\/\/www.gillet-automation.de\/wp-content\/uploads\/2022\/08\/Bild_Inhalt_02_01_02_Box.jpg 650w\" data-sizes=\"auto\" data-orig-sizes=\"(max-width: 1024px) 100vw, (max-width: 740px) 100vw, 400px\" \/><\/a><\/span><\/div><div class=\"fusion-separator fusion-full-width-sep\" style=\"align-self: center;margin-left: auto;margin-right: auto;flex-grow:1;width:100%;\"><\/div><div class=\"fusion-image-element \" style=\"--awb-caption-title-font-family:var(--h2_typography-font-family);--awb-caption-title-font-weight:var(--h2_typography-font-weight);--awb-caption-title-font-style:var(--h2_typography-font-style);--awb-caption-title-size:var(--h2_typography-font-size);--awb-caption-title-transform:var(--h2_typography-text-transform);--awb-caption-title-line-height:var(--h2_typography-line-height);--awb-caption-title-letter-spacing:var(--h2_typography-letter-spacing);\"><span class=\" fusion-imageframe imageframe-none imageframe-4 hover-type-none\"><img decoding=\"async\" width=\"2392\" height=\"1135\" title=\"aktiv greifer\" src=\"https:\/\/www.gillet-automation.de\/wp-content\/uploads\/2023\/02\/aktiv-greifer-e1724068614568.png\" data-orig-src=\"https:\/\/www.gillet-automation.de\/wp-content\/uploads\/2023\/02\/aktiv-greifer-e1724068614568.png\" alt class=\"lazyload img-responsive wp-image-2351\" srcset=\"data:image\/svg+xml,%3Csvg%20xmlns%3D%27http%3A%2F%2Fwww.w3.org%2F2000%2Fsvg%27%20width%3D%272392%27%20height%3D%271135%27%20viewBox%3D%270%200%202392%201135%27%3E%3Crect%20width%3D%272392%27%20height%3D%271135%27%20fill-opacity%3D%220%22%2F%3E%3C%2Fsvg%3E\" data-srcset=\"https:\/\/www.gillet-automation.de\/wp-content\/uploads\/2023\/02\/aktiv-greifer-e1724068614568-200x95.png 200w, https:\/\/www.gillet-automation.de\/wp-content\/uploads\/2023\/02\/aktiv-greifer-e1724068614568-400x190.png 400w, https:\/\/www.gillet-automation.de\/wp-content\/uploads\/2023\/02\/aktiv-greifer-e1724068614568-600x285.png 600w, https:\/\/www.gillet-automation.de\/wp-content\/uploads\/2023\/02\/aktiv-greifer-e1724068614568-800x380.png 800w, https:\/\/www.gillet-automation.de\/wp-content\/uploads\/2023\/02\/aktiv-greifer-e1724068614568-1200x569.png 1200w, https:\/\/www.gillet-automation.de\/wp-content\/uploads\/2023\/02\/aktiv-greifer-e1724068614568.png 2392w\" data-sizes=\"auto\" data-orig-sizes=\"(max-width: 1024px) 100vw, (max-width: 740px) 100vw, 400px\" \/><\/span><\/div><\/div><\/div><div class=\"fusion-layout-column fusion_builder_column fusion-builder-column-1 fusion-flex-column fusion-flex-align-self-center fusion-animated\" style=\"--awb-padding-top:30px;--awb-padding-bottom:120px;--awb-padding-top-medium:60px;--awb-padding-bottom-medium:0px;--awb-padding-top-small:0px;--awb-padding-bottom-small:0px;--awb-bg-size:cover;--awb-width-large:40%;--awb-margin-top-large:0px;--awb-spacing-right-large:30px;--awb-margin-bottom-large:70px;--awb-spacing-left-large:5.9375%;--awb-width-medium:40%;--awb-order-medium:0;--awb-spacing-right-medium:30px;--awb-spacing-left-medium:5.9375%;--awb-width-small:100%;--awb-order-small:1;--awb-spacing-right-small:2.375%;--awb-margin-bottom-small:0px;--awb-spacing-left-small:2.375%;\" data-animationType=\"fadeInUp\" data-animationDuration=\"1.0\" data-animationOffset=\"top-into-view\"><div class=\"fusion-column-wrapper fusion-column-has-shadow fusion-flex-justify-content-flex-start fusion-content-layout-row\"><div class=\"fusion-title title fusion-title-1 fusion-sep-none fusion-title-text fusion-title-size-two\" style=\"--awb-margin-bottom:55px;--awb-margin-bottom-small:40px;--awb-font-size:43px;\"><h2 class=\"fusion-title-heading title-heading-left fusion-responsive-typography-calculated\" style=\"margin:0;font-size:1em;--fontSize:43;line-height:1.35;\">Greifersysteme<\/h2><\/div><div class=\"fusion-text fusion-text-1\"><p>Basierend auf unserem selbstentwickelten Hilfsschienen- und Greifersystem bieten wir das komplette Portfolio von der Konstruktion bis hin zur Inbetriebnahme und Optimierung von Greifers\u00e4tzen.<\/p>\n<\/div><div class=\"fusion-separator fusion-full-width-sep\" style=\"align-self: center;margin-left: auto;margin-right: auto;margin-bottom:20px;width:100%;\"><\/div><div class=\"fusion-text fusion-text-2\"><p>Mit verf\u00fcgbaren 3D-Daten entwickeln wir das optimale Handling Ihrer Bauteile innerhalb einer Automationsanlage. Selbstverst\u00e4ndlich sind wir bereits im Vorfeld Ihrer Werkzeugkonstruktion behilflich. Eine konstruktive Optimierung von Werkzeugen hinsichtlich St\u00f6rkonturen erlaubt eine erh\u00f6hte Performance und spart Kosten in der Ausf\u00fchrung der Greifers\u00e4tze.<\/p>\n<p>Nutzen Sie die jahrzehntelange GILLET Erfahrung!<\/p>\n<\/div><ul style=\"--awb-line-height:28.9px;--awb-icon-width:28.9px;--awb-icon-height:28.9px;--awb-icon-margin:11.9px;--awb-content-margin:40.8px;--awb-circlecolor:var(--awb-color5);--awb-circle-yes-font-size:14.96px;\" class=\"fusion-checklist fusion-checklist-1 fusion-checklist-default type-icons\"><li class=\"fusion-li-item\" style=\"\"><span class=\"icon-wrapper circle-yes\"><i class=\"fusion-li-icon fa-circle far\" aria-hidden=\"true\"><\/i><\/span><div class=\"fusion-li-item-content\">\n<p>Hilfschienensystem<\/p>\n<\/div><\/li><li class=\"fusion-li-item\" style=\"\"><span class=\"icon-wrapper circle-yes\"><i class=\"fusion-li-icon fa-circle far\" aria-hidden=\"true\"><\/i><\/span><div class=\"fusion-li-item-content\">\n<p>Greifersystem<\/p>\n<\/div><\/li><li class=\"fusion-li-item\" style=\"\"><span class=\"icon-wrapper circle-yes\"><i class=\"fusion-li-icon fa-circle far\" aria-hidden=\"true\"><\/i><\/span><div class=\"fusion-li-item-content\">\n<p>Vakuumtechnik und Saugerspinnen<\/p>\n<\/div><\/li><li class=\"fusion-li-item\" style=\"\"><span class=\"icon-wrapper circle-yes\"><i class=\"fusion-li-icon fa-circle far\" aria-hidden=\"true\"><\/i><\/span><div class=\"fusion-li-item-content\">\n<p>Transfer- und Automationszubeh\u00f6r (Sensoren, Verkabelung, Pneumatikventile, usw.)<\/p>\n<\/div><\/li><\/ul><div ><a class=\"fusion-button button-flat fusion-button-default-size button-default fusion-button-default button-1 fusion-button-default-span fusion-button-default-type\" target=\"_self\" href=\"https:\/\/www.gillet-automation.de\/downloads\/\"><span class=\"fusion-button-text\">Katalog<\/span><\/a><\/div><\/div><\/div><\/div><\/div><div class=\"fusion-fullwidth fullwidth-box fusion-builder-row-2 fusion-flex-container has-pattern-background has-mask-background nonhundred-percent-fullwidth non-hundred-percent-height-scrolling\" style=\"--awb-border-radius-top-left:0px;--awb-border-radius-top-right:0px;--awb-border-radius-bottom-right:0px;--awb-border-radius-bottom-left:0px;--awb-margin-bottom:100px;--awb-flex-wrap:wrap;\" ><div class=\"fusion-builder-row fusion-row fusion-flex-align-items-flex-start fusion-flex-content-wrap\" style=\"max-width:1323px;margin-left: calc(-5% \/ 2 );margin-right: calc(-5% \/ 2 );\"><div class=\"fusion-layout-column fusion_builder_column fusion-builder-column-2 fusion_builder_column_1_1 1_1 fusion-flex-column\" style=\"--awb-bg-size:cover;--awb-width-large:100%;--awb-margin-top-large:0px;--awb-spacing-right-large:2.375%;--awb-margin-bottom-large:20px;--awb-spacing-left-large:2.375%;--awb-width-medium:100%;--awb-order-medium:0;--awb-spacing-right-medium:2.375%;--awb-spacing-left-medium:2.375%;--awb-width-small:100%;--awb-order-small:0;--awb-spacing-right-small:2.375%;--awb-spacing-left-small:2.375%;\"><div class=\"fusion-column-wrapper fusion-column-has-shadow fusion-flex-justify-content-flex-start fusion-content-layout-column\"><div class=\"fusion-title title fusion-title-2 fusion-sep-none fusion-title-text fusion-title-size-two\" style=\"--awb-margin-bottom:55px;--awb-margin-bottom-small:40px;--awb-font-size:43px;\"><h2 class=\"fusion-title-heading title-heading-left fusion-responsive-typography-calculated\" style=\"margin:0;font-size:1em;--fontSize:43;line-height:1.35;\">Anwendungsvideos<\/h2><\/div><\/div><\/div><div class=\"fusion-layout-column fusion_builder_column fusion-builder-column-3 fusion_builder_column_1_3 1_3 fusion-flex-column\" style=\"--awb-bg-size:cover;--awb-width-large:33.333333333333%;--awb-margin-top-large:0px;--awb-spacing-right-large:7.125%;--awb-margin-bottom-large:20px;--awb-spacing-left-large:7.125%;--awb-width-medium:100%;--awb-order-medium:0;--awb-spacing-right-medium:2.375%;--awb-spacing-left-medium:2.375%;--awb-width-small:100%;--awb-order-small:0;--awb-spacing-right-small:2.375%;--awb-spacing-left-small:2.375%;\"><div class=\"fusion-column-wrapper fusion-column-has-shadow fusion-flex-justify-content-flex-start fusion-content-layout-column\"><div class=\"fusion-video fusion-youtube\" style=\"--awb-max-width:600px;--awb-max-height:360px;\"><div class=\"video-shortcode\"><lite-youtube videoid=\"5DeipwhfaFM\" class=\"landscape\" params=\"wmode=transparent&autoplay=1&enablejsapi=1\" title=\"YouTube video player 1\" width=\"600\" height=\"360\" data-thumbnail-size=\"auto\"><\/lite-youtube><\/div><\/div><\/div><\/div><div class=\"fusion-layout-column fusion_builder_column fusion-builder-column-4 fusion_builder_column_1_3 1_3 fusion-flex-column\" style=\"--awb-bg-size:cover;--awb-width-large:33.333333333333%;--awb-margin-top-large:0px;--awb-spacing-right-large:7.125%;--awb-margin-bottom-large:20px;--awb-spacing-left-large:7.125%;--awb-width-medium:100%;--awb-order-medium:0;--awb-spacing-right-medium:2.375%;--awb-spacing-left-medium:2.375%;--awb-width-small:100%;--awb-order-small:0;--awb-spacing-right-small:2.375%;--awb-spacing-left-small:2.375%;\"><div class=\"fusion-column-wrapper fusion-column-has-shadow fusion-flex-justify-content-flex-start fusion-content-layout-column\"><\/div><\/div><\/div><\/div><div class=\"fusion-fullwidth fullwidth-box fusion-builder-row-3 fusion-flex-container nonhundred-percent-fullwidth non-hundred-percent-height-scrolling\" style=\"--awb-border-radius-top-left:0px;--awb-border-radius-top-right:0px;--awb-border-radius-bottom-right:0px;--awb-border-radius-bottom-left:0px;--awb-padding-top:60px;--awb-padding-bottom:0px;--awb-padding-top-medium:100px;--awb-padding-bottom-medium:100px;--awb-padding-bottom-small:60px;--awb-background-color:var(--awb-color1);--awb-flex-wrap:wrap;\" ><div class=\"fusion-builder-row fusion-row fusion-flex-align-items-stretch fusion-flex-justify-content-center fusion-flex-content-wrap\" style=\"max-width:1323px;margin-left: calc(-5% \/ 2 );margin-right: calc(-5% \/ 2 );\"><div class=\"fusion-layout-column fusion_builder_column fusion-builder-column-5 fusion_builder_column_1_1 1_1 fusion-flex-column\" style=\"--awb-bg-size:cover;--awb-width-large:100%;--awb-margin-top-large:0px;--awb-spacing-right-large:2.375%;--awb-margin-bottom-large:70px;--awb-spacing-left-large:2.375%;--awb-width-medium:100%;--awb-order-medium:0;--awb-spacing-right-medium:2.375%;--awb-spacing-left-medium:2.375%;--awb-width-small:100%;--awb-order-small:0;--awb-spacing-right-small:2.375%;--awb-spacing-left-small:2.375%;\"><div class=\"fusion-column-wrapper fusion-column-has-shadow fusion-flex-justify-content-flex-start fusion-content-layout-column\"><div class=\"fusion-title title fusion-title-3 fusion-sep-none fusion-title-text fusion-title-size-two\" style=\"--awb-margin-bottom:25px;--awb-font-size:40px;\"><h2 class=\"fusion-title-heading title-heading-left fusion-responsive-typography-calculated\" style=\"margin:0;font-size:1em;--fontSize:40;line-height:var(--awb-typography1-line-height);\">Wettbewerbsvorteil<\/h2><\/div><\/div><\/div><div class=\"fusion-layout-column fusion_builder_column fusion-builder-column-6 fusion_builder_column_1_3 1_3 fusion-flex-column fusion-flex-align-self-center fusion-column-inner-bg-wrapper\" style=\"--awb-padding-top:30px;--awb-padding-right:30px;--awb-padding-bottom:30px;--awb-padding-left:30px;--awb-inner-bg-color:rgba(255,255,255,0);--awb-inner-bg-color-hover:rgba(255,255,255,0);--awb-inner-bg-size:cover;--awb-width-large:33.333333333333%;--awb-margin-top-large:0px;--awb-spacing-right-large:7.125%;--awb-margin-bottom-large:20px;--awb-spacing-left-large:7.125%;--awb-width-medium:33.333333333333%;--awb-order-medium:0;--awb-spacing-right-medium:7.125%;--awb-spacing-left-medium:7.125%;--awb-width-small:100%;--awb-order-small:0;--awb-spacing-right-small:2.375%;--awb-margin-bottom-small:60px;--awb-spacing-left-small:2.375%;\"><span class=\"fusion-column-inner-bg hover-type-none\"><a class=\"fusion-column-anchor\" href=\"#\" rel=\"noopener noreferrer\" target=\"_blank\"><span class=\"fusion-column-inner-bg-image\"><\/span><\/a><\/span><div class=\"fusion-column-wrapper fusion-column-has-shadow fusion-flex-justify-content-center fusion-content-layout-column\"><i class=\"fb-icon-element-1 fb-icon-element fontawesome-icon fa-clock far circle-yes\" style=\"--awb-circlecolor-hover:var(--awb-color7);--awb-circlebordercolor-hover:var(--awb-color7);--awb-circlebordersize:1px;--awb-font-size:28.16px;--awb-width:56.32px;--awb-height:56.32px;--awb-line-height:54.32px;--awb-margin-top:0;--awb-margin-right:0;--awb-margin-bottom:0;--awb-margin-left:0;--awb-align-self:center;\"><\/i><div class=\"fusion-title title fusion-title-4 fusion-sep-none fusion-title-center fusion-title-text fusion-title-size-div\" style=\"--awb-text-color:var(--awb-color7);--awb-font-size:18px;\"><div class=\"fusion-title-heading title-heading-center title-heading-tag fusion-responsive-typography-calculated\" style=\"font-family:&quot;roma&quot;;font-style:normal;font-weight:400;margin:0;font-size:1em;--fontSize:18;--minFontSize:18;line-height:var(--awb-typography4-line-height);\">LANGLEBIG<\/div><\/div><\/div><\/div><div class=\"fusion-layout-column fusion_builder_column fusion-builder-column-7 fusion_builder_column_1_3 1_3 fusion-flex-column fusion-flex-align-self-center fusion-column-inner-bg-wrapper\" style=\"--awb-padding-top:30px;--awb-padding-right:30px;--awb-padding-bottom:30px;--awb-padding-left:30px;--awb-inner-bg-color:rgba(255,255,255,0);--awb-inner-bg-color-hover:rgba(255,255,255,0);--awb-inner-bg-size:cover;--awb-width-large:33.333333333333%;--awb-margin-top-large:0px;--awb-spacing-right-large:7.125%;--awb-margin-bottom-large:20px;--awb-spacing-left-large:7.125%;--awb-width-medium:33.333333333333%;--awb-order-medium:0;--awb-spacing-right-medium:7.125%;--awb-spacing-left-medium:7.125%;--awb-width-small:100%;--awb-order-small:0;--awb-spacing-right-small:2.375%;--awb-margin-bottom-small:60px;--awb-spacing-left-small:2.375%;\"><span class=\"fusion-column-inner-bg hover-type-none\"><a class=\"fusion-column-anchor\" href=\"#\" rel=\"noopener noreferrer\" target=\"_blank\"><span class=\"fusion-column-inner-bg-image\"><\/span><\/a><\/span><div class=\"fusion-column-wrapper fusion-column-has-shadow fusion-flex-justify-content-center fusion-content-layout-column\"><i class=\"fb-icon-element-2 fb-icon-element fontawesome-icon fa-envira fab circle-yes\" style=\"--awb-circlecolor-hover:var(--awb-color7);--awb-circlebordercolor-hover:var(--awb-color7);--awb-circlebordersize:1px;--awb-font-size:28.16px;--awb-width:56.32px;--awb-height:56.32px;--awb-line-height:54.32px;--awb-margin-top:0;--awb-margin-right:0;--awb-margin-bottom:0;--awb-margin-left:0;--awb-align-self:center;\"><\/i><div class=\"fusion-title title fusion-title-5 fusion-sep-none fusion-title-center fusion-title-text fusion-title-size-div\" style=\"--awb-text-color:var(--awb-color7);--awb-font-size:18px;\"><div class=\"fusion-title-heading title-heading-center title-heading-tag fusion-responsive-typography-calculated\" style=\"font-family:&quot;roma&quot;;font-style:normal;font-weight:400;margin:0;font-size:1em;--fontSize:18;--minFontSize:18;line-height:var(--awb-typography4-line-height);\">NACHHALTIG<\/div><\/div><\/div><\/div><div class=\"fusion-layout-column fusion_builder_column fusion-builder-column-8 fusion_builder_column_1_3 1_3 fusion-flex-column fusion-flex-align-self-center fusion-column-inner-bg-wrapper\" style=\"--awb-padding-top:30px;--awb-padding-right:30px;--awb-padding-bottom:30px;--awb-padding-left:30px;--awb-inner-bg-color:rgba(255,255,255,0);--awb-inner-bg-color-hover:rgba(255,255,255,0);--awb-inner-bg-size:cover;--awb-width-large:33.333333333333%;--awb-margin-top-large:0px;--awb-spacing-right-large:7.125%;--awb-margin-bottom-large:20px;--awb-spacing-left-large:7.125%;--awb-width-medium:33.333333333333%;--awb-order-medium:0;--awb-spacing-right-medium:7.125%;--awb-spacing-left-medium:7.125%;--awb-width-small:100%;--awb-order-small:0;--awb-spacing-right-small:2.375%;--awb-margin-bottom-small:60px;--awb-spacing-left-small:2.375%;\"><span class=\"fusion-column-inner-bg hover-type-none\"><a class=\"fusion-column-anchor\" href=\"#\" rel=\"noopener noreferrer\" target=\"_blank\"><span class=\"fusion-column-inner-bg-image\"><\/span><\/a><\/span><div class=\"fusion-column-wrapper fusion-column-has-shadow fusion-flex-justify-content-center fusion-content-layout-column\"><i class=\"fb-icon-element-3 fb-icon-element fontawesome-icon fa-sun far circle-yes\" style=\"--awb-circlecolor-hover:var(--awb-color7);--awb-circlebordercolor-hover:var(--awb-color7);--awb-circlebordersize:1px;--awb-font-size:28.16px;--awb-width:56.32px;--awb-height:56.32px;--awb-line-height:54.32px;--awb-margin-top:0;--awb-margin-right:0;--awb-margin-bottom:0;--awb-margin-left:0;--awb-align-self:center;\"><\/i><div class=\"fusion-title title fusion-title-6 fusion-sep-none fusion-title-center fusion-title-text fusion-title-size-div\" style=\"--awb-text-color:var(--awb-color7);--awb-font-size:18px;\"><div class=\"fusion-title-heading title-heading-center title-heading-tag fusion-responsive-typography-calculated\" style=\"font-family:&quot;roma&quot;;font-style:normal;font-weight:400;margin:0;font-size:1em;--fontSize:18;--minFontSize:18;line-height:var(--awb-typography4-line-height);\">WARTUNGSARM<\/div><\/div><\/div><\/div><\/div><\/div>\n<\/p>\n","protected":false},"excerpt":{"rendered":"","protected":false},"author":3,"featured_media":0,"parent":0,"menu_order":0,"comment_status":"closed","ping_status":"closed","template":"100-width.php","meta":{"footnotes":""},"class_list":["post-2228","page","type-page","status-publish","hentry"],"_links":{"self":[{"href":"https:\/\/www.gillet-automation.de\/en\/wp-json\/wp\/v2\/pages\/2228","targetHints":{"allow":["GET"]}}],"collection":[{"href":"https:\/\/www.gillet-automation.de\/en\/wp-json\/wp\/v2\/pages"}],"about":[{"href":"https:\/\/www.gillet-automation.de\/en\/wp-json\/wp\/v2\/types\/page"}],"author":[{"embeddable":true,"href":"https:\/\/www.gillet-automation.de\/en\/wp-json\/wp\/v2\/users\/3"}],"replies":[{"embeddable":true,"href":"https:\/\/www.gillet-automation.de\/en\/wp-json\/wp\/v2\/comments?post=2228"}],"version-history":[{"count":9,"href":"https:\/\/www.gillet-automation.de\/en\/wp-json\/wp\/v2\/pages\/2228\/revisions"}],"predecessor-version":[{"id":2508,"href":"https:\/\/www.gillet-automation.de\/en\/wp-json\/wp\/v2\/pages\/2228\/revisions\/2508"}],"wp:attachment":[{"href":"https:\/\/www.gillet-automation.de\/en\/wp-json\/wp\/v2\/media?parent=2228"}],"curies":[{"name":"wp","href":"https:\/\/api.w.org\/{rel}","templated":true}]}}